{"id":2578,"date":"2020-10-21T00:11:48","date_gmt":"2020-10-20T22:11:48","guid":{"rendered":"https:\/\/proart.pro\/shop\/?post_type=product&#038;p=2578"},"modified":"2024-12-16T07:32:40","modified_gmt":"2024-12-16T06:32:40","slug":"ska-pl","status":"publish","type":"product","link":"https:\/\/proart.pro\/shop\/ska-pl\/","title":{"rendered":"Srebrna Zbroja Rycerza SPOA mod Kingdom Come Deliverance"},"content":{"rendered":"<style>\nul {margin-bottom: 30px;}\nh1, h2 {text-align: center; color: #cccccc;}\n<\/style>\n<h1>Srebrna Zbroja Rycerza SPOA dla Kingdom Come Deliverance<\/h1>\n<h2>Srebrne Dzie\u0142o Sztuki<\/h2>\n<p>\nSzlachetny Rycerzu z Kingdom Come Deliverance, daj\u0119 Ci jedn\u0105 z najpi\u0119kniejszych zbroi, kt\u00f3ra zawiera:\n<\/p>\n<ul>\n<li>tekstury 4K<\/li>\n<li>r\u0119cznie rysowane wzory<\/li>\n<li>tekstury uszkodze\u0144<\/li>\n<\/ul>\n<p>\nTworzenie graficznych modyfikacji do gier, na razie jest pasj\u0105 w wolnym czasie. Je\u015bli rozwa\u017cysz wsparcie mnie dotacj\u0105, b\u0119d\u0119 mia\u0142 motywacj\u0119 aby tworzy\u0107 wi\u0119cej mod\u00f3w. Je\u015bli znalaz\u0142oby si\u0119 wystarczaj\u0105co du\u017co os\u00f3b wspieraj\u0105cych moj\u0105 prac\u0119, m\u00f3g\u0142bym wtedy ca\u0142y czas tworzy\u0107 mody do gier.\n<\/p>\n<p>\nJest to nowa, oddzielna zbroja, kt\u00f3r\u0105 mo\u017cna znale\u017a\u0107 w sklepie kowala lub p\u0142atnerza.<\/p>\n<p>Je\u015bli chcesz przetestowa\u0107 m\u00f3j mod do KCD przed kupnem wersji 4K, mo\u017cesz sprawdzi\u0107 za darmo mod w linku poni\u017cej (tekstury 2K):\n<\/p>\n<p><a href=\"https:\/\/www.nexusmods.com\/kingdomcomedeliverance\/users\/3478029?tab=user+files\" target=\"_blank\" rel=\"noopener noreferrer\"><img loading=\"lazy\" decoding=\"async\" class=\"aligncenter wp-image-2475 size-full\" src=\"https:\/\/proart.pro\/shop\/wp-content\/uploads\/2020\/10\/nexus.png\" alt=\"Nexusmods logo\" width=\"532\" height=\"183\" srcset=\"https:\/\/proart.pro\/shop\/wp-content\/uploads\/2020\/10\/nexus.png 532w, https:\/\/proart.pro\/shop\/wp-content\/uploads\/2020\/10\/nexus-300x103.png 300w, https:\/\/proart.pro\/shop\/wp-content\/uploads\/2020\/10\/nexus-174x60.png 174w, https:\/\/proart.pro\/shop\/wp-content\/uploads\/2020\/10\/nexus-262x90.png 262w\" sizes=\"auto, (max-width: 532px) 100vw, 532px\" \/><\/a><\/p>\n","protected":false},"excerpt":{"rendered":"<p>Wysoki poziom detali i jedna z najpi\u0119kniejszych zbroi dla Kingdom Come: Deliverance.<\/p>\n<p>tekstury 4K<br \/>\nr\u0119cznie rysowane wzory<br \/>\ntekstury uszkodze\u0144<\/p>\n","protected":false},"featured_media":2583,"comment_status":"open","ping_status":"closed","template":"","meta":[],"product_brand":[],"product_cat":[688,1392],"product_tag":[1343,1346,700,1349,1384,1382,1352],"class_list":{"0":"post-2578","1":"product","2":"type-product","3":"status-publish","4":"has-post-thumbnail","6":"product_cat-modyfikacje-gier","7":"product_cat-mody-do-gier","8":"product_tag-detailet-armor-pl","9":"product_tag-game-mod-pl","10":"product_tag-kingdom-come-deliverance-pl","11":"product_tag-mod-for-kcd-pl","12":"product_tag-mody-do-gier","13":"product_tag-modyfikacje-do-gier","14":"product_tag-textures-pl","16":"first","17":"instock","18":"shipping-taxable","19":"purchasable","20":"product-type-variable"},"_links":{"self":[{"href":"https:\/\/proart.pro\/shop\/wp-json\/wp\/v2\/product\/2578","targetHints":{"allow":["GET"]}}],"collection":[{"href":"https:\/\/proart.pro\/shop\/wp-json\/wp\/v2\/product"}],"about":[{"href":"https:\/\/proart.pro\/shop\/wp-json\/wp\/v2\/types\/product"}],"replies":[{"embeddable":true,"href":"https:\/\/proart.pro\/shop\/wp-json\/wp\/v2\/comments?post=2578"}],"wp:featuredmedia":[{"embeddable":true,"href":"https:\/\/proart.pro\/shop\/wp-json\/wp\/v2\/media\/2583"}],"wp:attachment":[{"href":"https:\/\/proart.pro\/shop\/wp-json\/wp\/v2\/media?parent=2578"}],"wp:term":[{"taxonomy":"product_brand","embeddable":true,"href":"https:\/\/proart.pro\/shop\/wp-json\/wp\/v2\/product_brand?post=2578"},{"taxonomy":"product_cat","embeddable":true,"href":"https:\/\/proart.pro\/shop\/wp-json\/wp\/v2\/product_cat?post=2578"},{"taxonomy":"product_tag","embeddable":true,"href":"https:\/\/proart.pro\/shop\/wp-json\/wp\/v2\/product_tag?post=2578"}],"curies":[{"name":"wp","href":"https:\/\/api.w.org\/{rel}","templated":true}]}}