{"id":3203,"date":"2022-03-07T17:39:21","date_gmt":"2022-03-07T16:39:21","guid":{"rendered":"https:\/\/proart.pro\/shop\/?post_type=product&#038;p=3203"},"modified":"2025-07-17T23:37:52","modified_gmt":"2025-07-17T21:37:52","slug":"podswietlany-numer-domu-z-rozami-led","status":"publish","type":"product","link":"https:\/\/proart.pro\/shop\/podswietlany-numer-domu-z-rozami-led\/","title":{"rendered":"Pod\u015bwietlany numer domu z r\u00f3\u017cami LED &#8211; wz\u00f3r R"},"content":{"rendered":"<style><span data-mce-type=\"bookmark\" style=\"display: inline-block; width: 0px; overflow: hidden; line-height: 0;\" class=\"mce_SELRES_start\">\ufeff<\/span>\tp:empty {display:none;}\t.box {float:left; width:100%; padding:0px 0px 10px 0px;} @media (min-width: 768px) {.box {width:50%; padding: 0px 8px 10px 8px;}}\n@media (min-width: 1200px) {.box {width:50%;padding: 0px 20px 10px 20px;}} .box > p { margin-bottom:17px; text-align:justify;} .title-color {position: absolute; top:5px; bottom:5px; left:5px; right:5px; height: auto; width:auto; background-color:#000000;} .title { position:relative; text-align:center; height:60px; width:100%; margin-bottom:20px;} .title h2 {background-color: #FFFFFF; background-image: linear-gradient(104deg, rgba(245,250,227,1) 0%, rgba(217,255,255,1) 22%, rgba(132,247,255,1) 52%, rgba(115,176,255,1) 76%, rgba(112,134,209,1) 100%); background-size: 100%; background-repeat: repeat; -webkit-background-clip: text; -moz-background-clip: text; -webkit-text-fill-color: transparent; -moz-text-fill-color: transparent;} .title h2 {font-size: 24px; line-height: 35px; padding:13px 20px; margin:0px 0px 20px 0px; font-weight:bold; letter-spacing:3px; position: relative; z-index:3;} @media (max-width: 500px) {h2 {padding: 13px 5px; font-size: 20px;}}<\/style>\n<div style=\"margin-top: 4%;\">\n<article>\n<div class=\"box\">\n<header>\n<div class=\"title\">\n<h2><strong>NUMER DOMU Z R\u00d3\u017bAMI<\/strong><\/h2>\n<\/div>\n<\/header>\n<p>Proponujemy estetyczny i trwa\u0142y numer zewn\u0119trzny dla ka\u017cdego, kto chce w \u0142atwy i szybki spos\u00f3b oznaczy\u0107 sw\u00f3j budynek. Pod\u015bwietlany numer domu LED jest dost\u0119pny w r\u00f3\u017cnych unikatowych wzorach i kolorach, aby dopasowa\u0107 go do ka\u017cdego stylu architektonicznego. U nas kupisz pod\u015bwietlany numer domu z r\u00f3\u017cami, kt\u00f3ry ozdobi Tw\u00f3j budynek.<\/p>\n<\/p><\/div>\n<\/article>\n<article>\n<div class=\"box\">\n<header>\n<div class=\"title\">\n<h2><b>ZYSKAJ<\/b><\/h2>\n<\/div>\n<\/header>\n<p>\u2022 ZAOSZCZ\u0118D\u0179 250 z\u0142. Tyle kosztuje mandat za brak lub nieo\u015bwietlony numer budynku.<br \/>\n\t\t\u2022 Zapewnij bezpiecze\u0144stwo swoje i rodziny. W przypadku nag\u0142ego zdarzenia, pogotowie, stra\u017c po\u017carna lub policja szybko znajdzie budynek. Zw\u0142aszcza w nocy.<br \/>\n\t\t\u2022 Bezobs\u0142ugowe dzia\u0142anie. Zainstalowany czujnik zmierzchu, w\u0142\u0105cza automatycznie pod\u015bwietlenie.<br \/>\n\t\t\u2022 Zadowolenie z zakupionego towaru.<br \/>\n\t\t\u2022 Podziw s\u0105siada, b\u0119dzie nagrod\u0105 za super gust zakupowy ;).<\/p>\n<\/p><\/div>\n<\/article>\n<div style=\"clear: both;\"><\/div>\n<article>\n<div class=\"box\">\n<header>\n<div class=\"title\">\n<h2><b>MATERIA\u0141<\/b><\/h2>\n<\/div>\n<\/header>\n<p>Wz\u00f3r na froncie lampy, to profesjonalna folia ploterowa odporna na s\u0142o\u0144ce, deszcz, mr\u00f3z, rozpuszczalniki. Folia posiada sw\u00f3j w\u0142asny kolor, a nie na\u0142o\u017cony w procesie wydruku, dlatego nie wyblaknie. Folia produkcji niemieckiej do zastosowa\u0144 w bran\u017cy reklamowej.<\/p>\n<\/p><\/div>\n<\/article>\n<article>\n<div class=\"box\">\n<header>\n<div class=\"title\">\n<h2><b>JAK ZAM\u00d3WI\u0106<\/b><\/h2>\n<\/div>\n<\/header>\n<p>Wybra\u0107 niezb\u0119dne opcje. Doda\u0107 produkt do koszyka. Dodatkowe informacje, mo\u017cna poda\u0107 na stronie z adresem dostawy, pole &#8220;Uwagi do zam\u00f3wienia&#8221;.<br \/><b>Zam\u00f3w teraz i ciesz si\u0119 stylowym i trwa\u0142ym oznaczeniem swojego domu!<\/b><\/p>\n<\/p><\/div>\n<\/article>\n<div style=\"clear: both;\"><\/div>\n<article>\n<div class=\"box\">\n<header>\n<div class=\"title\">\n<h2><b>CZAS REALIZACJI<\/b><\/h2>\n<\/div>\n<\/header>\n<p>Od 5 do 7 dni dla tabliczek, lamp oraz od 2 do 3 dni dla naklejek. Towar wykonany cz\u0119\u015bciowo r\u0119cznie. Ka\u017cdy produkt jest tworzony indywidualnie dla ka\u017cdego klienta.<br \/>Po zakupie klient otrzymuje informacj\u0119 o przybli\u017conym czasie realizacji, a w dniu wysy\u0142ki powiadomienie o wys\u0142aniu towaru.<\/p>\n<\/p><\/div>\n<\/article>\n<p><img loading=\"lazy\" decoding=\"async\" class=\"aligncenter wp-image-204 size-full\" style=\"margin-top: 50px; margin-bottom: 35px;\" src=\"http:\/\/proart.pro\/img\/rozne\/kolory.jpg\" alt=\"wzornik kolor\u00f3w\" width=\"1100\" height=\"300\" \/><\/p>\n<p style=\"text-align: center;\">Wzornik kolor\u00f3w<\/p>\n<\/div>\n","protected":false},"excerpt":{"rendered":"[insert page='podswietlany-numer-led-wzor-a' display='excerpt-only']\n<p>Numer na dom LED z dekoracyjnym motywem r\u00f3\u017c. Unikatowa stylistyka numeracji budynku. Ten stylowy numer domu z wzorem kwiat\u00f3w, ozdobi budynek.<\/p>\n","protected":false},"featured_media":3217,"comment_status":"open","ping_status":"closed","template":"","meta":[],"product_brand":[],"product_cat":[76],"product_tag":[1008,80,65,68,75,1006,1010,77,79,1012,78,67],"class_list":{"0":"post-3203","1":"product","2":"type-product","3":"status-publish","4":"has-post-thumbnail","6":"product_cat-numery-led","7":"product_tag-kwiaty","8":"product_tag-led","9":"product_tag-na-dom","10":"product_tag-numer-domu","11":"product_tag-numer-led","12":"product_tag-numer-z-kwiatami","13":"product_tag-numer-z-rozami","14":"product_tag-podswietlana-tabliczka","15":"product_tag-podswietlany-numer","16":"product_tag-podswietlany-numer-z-rozami","17":"product_tag-swiecacy-numer","18":"product_tag-tabliczki-adresowe","19":"product_shipping_class-wysylka-led","21":"first","22":"instock","23":"shipping-taxable","24":"purchasable","25":"product-type-variable"},"_links":{"self":[{"href":"https:\/\/proart.pro\/shop\/wp-json\/wp\/v2\/product\/3203","targetHints":{"allow":["GET"]}}],"collection":[{"href":"https:\/\/proart.pro\/shop\/wp-json\/wp\/v2\/product"}],"about":[{"href":"https:\/\/proart.pro\/shop\/wp-json\/wp\/v2\/types\/product"}],"replies":[{"embeddable":true,"href":"https:\/\/proart.pro\/shop\/wp-json\/wp\/v2\/comments?post=3203"}],"wp:featuredmedia":[{"embeddable":true,"href":"https:\/\/proart.pro\/shop\/wp-json\/wp\/v2\/media\/3217"}],"wp:attachment":[{"href":"https:\/\/proart.pro\/shop\/wp-json\/wp\/v2\/media?parent=3203"}],"wp:term":[{"taxonomy":"product_brand","embeddable":true,"href":"https:\/\/proart.pro\/shop\/wp-json\/wp\/v2\/product_brand?post=3203"},{"taxonomy":"product_cat","embeddable":true,"href":"https:\/\/proart.pro\/shop\/wp-json\/wp\/v2\/product_cat?post=3203"},{"taxonomy":"product_tag","embeddable":true,"href":"https:\/\/proart.pro\/shop\/wp-json\/wp\/v2\/product_tag?post=3203"}],"curies":[{"name":"wp","href":"https:\/\/api.w.org\/{rel}","templated":true}]}}