{"id":3643,"date":"2023-05-16T22:21:28","date_gmt":"2023-05-16T20:21:28","guid":{"rendered":"https:\/\/proart.pro\/shop\/?post_type=product&#038;p=3643"},"modified":"2024-11-04T23:39:08","modified_gmt":"2024-11-04T22:39:08","slug":"nowoczesna-naklejka-na-skrzynke","status":"publish","type":"product","link":"https:\/\/proart.pro\/shop\/nowoczesna-naklejka-na-skrzynke\/","title":{"rendered":"Nowoczesna naklejka na skrzynk\u0119 pocztow\u0105"},"content":{"rendered":"<style>\np:empty {display:none;}\n.box { float:left; width:100%; padding:0px 0px 10px 0px;}\n@media (min-width: 768px) {.box {width:50%; padding: 0px 8px 10px 8px;}}\n@media (min-width: 1200px) {.box {width:50%;padding: 0px 20px 10px 20px;}}\n.box > p { margin-bottom:17px; text-align:justify;}\n.title { position:relative; color:white; text-align:center; height:60px; width:100%; margin-bottom:20px;}\n.title-color {position: absolute; top:5px; bottom:5px; left:5px; right:5px; height: auto; width:auto; background-color:#000000;}\n.title {background:#FFFFFF; background: -moz-linear-gradient(346deg, rgba(245,250,227,1) 0%, rgba(217,255,255,1) 22%, rgba(132,247,255,1) 52%, rgba(115,176,255,1) 76%, rgba(112,134,209,1) 100%); background: -webkit-gradient(linear, left top, right top, color-stop(0%, rgba(245,250,227,1)), color-stop(22%, rgba(217,255,255,1)), color-stop(52%, rgba(132,247,255,1)), color-stop(76%, rgba(115,176,255,1)), color-stop(100%, rgba(112,134,209,1))); background: -webkit-linear-gradient(346deg, rgba(245,250,227,1) 0%, rgba(217,255,255,1) 22%, rgba(132,247,255,1) 52%, rgba(115,176,255,1) 76%, rgba(112,134,209,1) 100%); background: -o-linear-gradient(346deg, rgba(245,250,227,1) 0%, rgba(217,255,255,1) 22%, rgba(132,247,255,1) 52%, rgba(115,176,255,1) 76%, rgba(112,134,209,1) 100%); background: -ms-linear-gradient(346deg, rgba(245,250,227,1) 0%, rgba(217,255,255,1) 22%, rgba(132,247,255,1) 52%, rgba(115,176,255,1) 76%, rgba(112,134,209,1) 100%); background: linear-gradient(104deg, rgba(245,250,227,1) 0%, rgba(217,255,255,1) 22%, rgba(132,247,255,1) 52%, rgba(115,176,255,1) 76%, rgba(112,134,209,1) 100%); filter: progid:DXImageTransform.Microsoft.gradient( startColorstr='#f5fae3', endColorstr='#7086d1',GradientType=1 );}\n.title h2 {font-size: 24px; line-height: 35px; padding:13px 20px; margin:0px 0px 20px 0px; font-weight:bold; letter-spacing:3px; position: relative; z-index:3;}\n@media (max-width: 500px) {h2 {padding: 13px 5px; font-size: 20px;}}\n.flo-l {float: left;}\n.flo-r {float: right;}\n<\/style>\n<article><img loading=\"lazy\" decoding=\"async\" class=\"aligncenter wp-image-204 size-full\" style=\"margin-top: 50px; margin-bottom:35px;\" src=\"http:\/\/proart.pro\/img\/rozne\/kolory.jpg\" alt=\"wzornik kolor\u00f3w\" width=\"1100\" height=\"300\"\/><\/p>\n<p style=\"text-align: center;\">Wzornik kolor\u00f3w<\/p>\n<article>\n<div class=\"box\">\n<header>\n<div class=\"title\">\n<div class=\"title-color\"><\/div>\n<h2><strong><span style=\"color:#8df8ff;\">Z<\/span><span style=\"color:#83f2ff;\">A<\/span><span style=\"color:#7fe5ff;\">L<\/span><span style=\"color:#7edeff;\">E<\/span><span style=\"color:#7cd6ff;\">T<\/span><span style=\"color:#78c5ff;\">Y<\/span><\/strong><\/h2>\n<\/div>\n<\/header>\n<p>\u2022 Dowolna tre\u015b\u0107<br \/>\n\u2022 Wysoka jako\u015b\u0107 materia\u0142\u00f3w <br \/>\n( profesjonalna folia niemieckiego producenta ).<br \/>\n\u2022 Precyzja wykonania.\n<\/p>\n<\/div>\n<\/article>\n<article>\n<div class=\"box\">\n<header>\n<div class=\"title\">\n<div class=\"title-color\"><\/div>\n<h2><strong><span style=\"color:#a6faff;\">M<\/span><span style=\"color:#9bf9ff;\">A<\/span><span style=\"color:#94f8ff;\">T<\/span><span style=\"color:#8df7ff;\">E<\/span><span style=\"color:#83f3ff;\">R<\/span><span style=\"color:#81ecff;\">I<\/span><span style=\"color:#7bdcf8;\">A<\/span><span style=\"color:#7ddcff;\">\u0141<\/span><\/strong><\/h2>\n<\/div>\n<\/header>\n<p><strong>Folia ploterowa:<\/strong> odporna na s\u0142o\u0144ce, deszcz, mr\u00f3z, rozpuszczalniki. Folia posiada sw\u00f3j w\u0142asny kolor, a nie na\u0142o\u017cony w procesie wydruku, dlatego naklejka nie wyblaknie jak wydrukowana. Folia do zastosowa\u0144 w bran\u017cy reklamowej, produkcji niemieckiej.<\/p>\n<\/div>\n<\/article>\n<div style=\"clear:both;\"><\/div>\n<article>\n<div class=\"box flo-l\">\n<header>\n<div class=\"title\">\n<div class=\"title-color\"><\/div>\n<h2><strong><span style=\"color:#a3faff;\">G<\/span><span style=\"color:#97f8ff;\">R<\/span><span style=\"color:#89f7ff;\">A<\/span><span style=\"color:#83f5ff;\">T<\/span><span style=\"color:#81edff;\">I<\/span><span style=\"color:#7fe4ff;\">S<\/span><\/strong><\/h2>\n<\/div>\n<\/header>\n<p>Projekt na \u017cyczenie.<br \/>\nPorada w razie w\u0105tpliwo\u015bci.<\/p>\n<p><a href=\"https:\/\/proart.pro\/instrukcja-naklejka.pdf\" rel=\"noopener\" target=\"_blank\">Instrukcja naklejania<\/a>\n<\/div>\n<\/article>\n<article>\n<div class=\"box flo-r\">\n<header>\n<div class=\"title\">\n<div class=\"title-color\"><\/div>\n<h2><strong><span style=\"color:#c7fdff;\">C<\/span><span style=\"color:#bbfcff;\">Z<\/span><span style=\"color:#b3fbff;\">A<\/span><span style=\"color:#a8faff;\">S <\/span><span style=\"color:#9cf9ff;\">R<\/span><span style=\"color:#92f8ff;\">E<\/span><span style=\"color:#88f7ff;\">A<\/span><span style=\"color:#83f2ff;\">L<\/span><span style=\"color:#81eaff;\">I<\/span><span style=\"color:#7ee0fe;\">Z<\/span><span style=\"color:#7cd8ff;\">A<\/span><span style=\"color:#7acfff;\">C<\/span><span style=\"color:#77c4ff;\">J<\/span><span style=\"color:#76beff;\">I<\/span><\/strong><\/h2>\n<\/div>\n<\/header>\n<p>Zazwyczaj od 2 do 3 dni dla naklejek. Towar wykonany cz\u0119\u015bciowo r\u0119cznie. Ka\u017cdy produkt jest tworzony indywidualnie dla ka\u017cdego klienta. Czas realizacji jest zale\u017cny od ilo\u015bci zam\u00f3wie\u0144 w danym dniu.<\/p>\n<\/div>\n<\/article>\n<div style=\"clear:both;\"><\/div>\n<article>\n<div class=\"box flo-l\">\n<header>\n<div class=\"title\">\n<div class=\"title-color\"><\/div>\n<h2><strong><span style=\"color:#c3fdff;\">W<\/span><span style=\"color:#c3fdff;\">Y<\/span><span style=\"color:#a7faff;\">M<\/span><span style=\"color:#9ef9ff;\">I<\/span><span style=\"color:#94f8ff;\">A<\/span><span style=\"color:#8ef8ff;\">R<\/span><span style=\"color:#84f6ff;\">, <\/span><span style=\"color:#81ecff;\">T<\/span><span style=\"color:#7fe2ff;\">R<\/span><span style=\"color:#7cd8ff;\">E<\/span><span style=\"color:#7acdff;\">\u015a<\/span><span style=\"color:#78c6ff;\">\u0106<\/span><\/strong><\/h2>\n<\/div>\n<\/header>\n<p>Mo\u017cemy wykona\u0107 dowoln\u0105 tre\u015b\u0107 oraz rozmiar. Prosimy o wcze\u015bniejszy kontakt.<\/p>\n<\/div>\n<\/article>\n<article>\n<div class=\"box flo-r\">\n<header>\n<div class=\"title\">\n<div class=\"title-color\"><\/div>\n<h2><b><span style=\"color:#c3fdff;\">S<\/span><span style=\"color:#c3fdff;\">Z<\/span><span style=\"color:#a7faff;\">C<\/span><span style=\"color:#9ef9ff;\">Z<\/span><span style=\"color:#94f8ff;\">E<\/span><span style=\"color:#8ef8ff;\">G<\/span><span style=\"color:#84f6ff;\">\u00d3<\/span><span style=\"color:#81ecff;\">\u0141<\/span><span style=\"color:#7fe2ff;\">Y<\/span><\/b><\/h2>\n<\/div>\n<\/header>\n<p>Naklejka: tre\u015b\u0107 bez t\u0142a, przenoszona w ca\u0142o\u015bci za pomoc\u0105 specjalnej folii transportowej. Tre\u015b\u0107 jest dopasowana na szeroko\u015b\u0107 lub wysoko\u015b\u0107 do jednego z wybranych wymiar\u00f3w.<\/p>\n<p>Naklejka z symbolem Poczty Polskiej oraz nazw\u0105 ulicy, to dwie oddzielne naklejki i s\u0105 sprzedawane osobno. Naklejk\u0119 Poczty kupuje si\u0119 jako kolejn\u0105 sztuk\u0119 towaru w tej ofercie. Je\u015bli naklejki maj\u0105 mie\u0107 r\u00f3\u017cne wymiary, nale\u017cy ka\u017cdy z wymiar\u00f3w doda\u0107 osobno do koszyka.<\/p>\n<p>Na g\u0142\u00f3wnym zdj\u0119ciu, skrzynka pocztowa ma wymiary 37x37x11 cm. Nazwa ulicy to naklejka o szeroko\u015bci 30 cm. Logo Poczty Polskiej ma szeroko\u015b\u0107 11 cm.<\/p>\n<\/div>\n<\/article>\n<article>\n<div class=\"box flo-l\">\n<header>\n<div class=\"title\">\n<div class=\"title-color\"><\/div>\n<h2><b><span style=\"color:#c3fdff;\">J<\/span><span style=\"color:#c3fdff;\">A<\/span><span style=\"color:#a7faff;\">K <\/span><span style=\"color:#9ef9ff;\">Z<\/span><span style=\"color:#94f8ff;\">A<\/span><span style=\"color:#8ef8ff;\">M<\/span><span style=\"color:#84f6ff;\">\u00d3<\/span><span style=\"color:#81ecff;\">W<\/span><span style=\"color:#7fe2ff;\">I<\/span><span style=\"color:#7cd8ff;\">\u0106<\/span><\/b><\/h2>\n<\/div>\n<\/header>\n<p>Wybra\u0107 kolor, rozmiar. Tre\u015b\u0107 i dodatkowe informacje poda\u0107 w polu &#8220;Uwagi do zam\u00f3wienia&#8221; na stronie z danymi adresowymi.<\/p>\n<\/div>\n<\/article>\n<\/article>\n","protected":false},"excerpt":{"rendered":"<p>Indywidualna naklejka na skrzynk\u0119 pocztow\u0105.<br \/>\nDowolna tre\u015b\u0107.<br \/>\nR\u00f3\u017cne wymiary.<br \/>\nNiestandardowy wymiar do wyceny (prosimy o kontakt).<\/p>\n<p><a href=\"https:\/\/proart.pro\/instrukcja-naklejka.pdf\" rel=\"noopener\" target=\"_blank\">Instrukcja naklejania<\/a><\/p>\n","protected":false},"featured_media":3650,"comment_status":"open","ping_status":"closed","template":"","meta":[],"product_brand":[],"product_cat":[158],"product_tag":[231,161,164,160,165],"class_list":{"0":"post-3643","1":"product","2":"type-product","3":"status-publish","4":"has-post-thumbnail","6":"product_cat-naklejki","7":"product_tag-naklejka-listy","8":"product_tag-naklejka-na-skrzynke","9":"product_tag-naklejka-scienna","10":"product_tag-naklejki","11":"product_tag-naklejki-scienne","12":"product_shipping_class-wysylka-naklejka","13":"pa_wymiar-11x8-cm","14":"pa_wymiar-14x9-cm","15":"pa_wymiar-16x11-cm","16":"pa_wymiar-20x4-cm","17":"pa_wymiar-30x5-cm","18":"pa_wymiar-35x5-cm","20":"first","21":"instock","22":"shipping-taxable","23":"purchasable","24":"product-type-variable"},"_links":{"self":[{"href":"https:\/\/proart.pro\/shop\/wp-json\/wp\/v2\/product\/3643","targetHints":{"allow":["GET"]}}],"collection":[{"href":"https:\/\/proart.pro\/shop\/wp-json\/wp\/v2\/product"}],"about":[{"href":"https:\/\/proart.pro\/shop\/wp-json\/wp\/v2\/types\/product"}],"replies":[{"embeddable":true,"href":"https:\/\/proart.pro\/shop\/wp-json\/wp\/v2\/comments?post=3643"}],"wp:featuredmedia":[{"embeddable":true,"href":"https:\/\/proart.pro\/shop\/wp-json\/wp\/v2\/media\/3650"}],"wp:attachment":[{"href":"https:\/\/proart.pro\/shop\/wp-json\/wp\/v2\/media?parent=3643"}],"wp:term":[{"taxonomy":"product_brand","embeddable":true,"href":"https:\/\/proart.pro\/shop\/wp-json\/wp\/v2\/product_brand?post=3643"},{"taxonomy":"product_cat","embeddable":true,"href":"https:\/\/proart.pro\/shop\/wp-json\/wp\/v2\/product_cat?post=3643"},{"taxonomy":"product_tag","embeddable":true,"href":"https:\/\/proart.pro\/shop\/wp-json\/wp\/v2\/product_tag?post=3643"}],"curies":[{"name":"wp","href":"https:\/\/api.w.org\/{rel}","templated":true}]}}