{"id":3667,"date":"2023-06-23T22:02:34","date_gmt":"2023-06-23T20:02:34","guid":{"rendered":"https:\/\/proart.pro\/shop\/?post_type=product&#038;p=3667"},"modified":"2024-11-09T15:02:10","modified_gmt":"2024-11-09T14:02:10","slug":"metalowa-tabliczka-strefa-gracza","status":"publish","type":"product","link":"https:\/\/proart.pro\/shop\/metalowa-tabliczka-strefa-gracza\/","title":{"rendered":"Metalowa tabliczka STREFA GRACZA GAME ZONE"},"content":{"rendered":"<style>\np:empty {display:none;}\n.box { float:left; width:100%; padding:0px 0px 10px 0px;}\n@media (min-width: 768px) {.box {width:50%; padding: 0px 8px 10px 8px;}}\n@media (min-width: 1200px) {.box {width:50%;padding: 0px 20px 10px 20px;}}\n.box > p { margin-bottom:17px; text-align:justify;}\n.title { position:relative; color:white; text-align:center; height:60px; width:100%; margin-bottom:20px;}\n.title-color {position: absolute; top:5px; bottom:5px; left:5px; right:5px; height: auto; width:auto; background-color:#000000;}\n.title {background:#FFFFFF; background: -moz-linear-gradient(346deg, rgba(245,250,227,1) 0%, rgba(217,255,255,1) 22%, rgba(132,247,255,1) 52%, rgba(115,176,255,1) 76%, rgba(112,134,209,1) 100%); background: -webkit-gradient(linear, left top, right top, color-stop(0%, rgba(245,250,227,1)), color-stop(22%, rgba(217,255,255,1)), color-stop(52%, rgba(132,247,255,1)), color-stop(76%, rgba(115,176,255,1)), color-stop(100%, rgba(112,134,209,1))); background: -webkit-linear-gradient(346deg, rgba(245,250,227,1) 0%, rgba(217,255,255,1) 22%, rgba(132,247,255,1) 52%, rgba(115,176,255,1) 76%, rgba(112,134,209,1) 100%); background: -o-linear-gradient(346deg, rgba(245,250,227,1) 0%, rgba(217,255,255,1) 22%, rgba(132,247,255,1) 52%, rgba(115,176,255,1) 76%, rgba(112,134,209,1) 100%); background: -ms-linear-gradient(346deg, rgba(245,250,227,1) 0%, rgba(217,255,255,1) 22%, rgba(132,247,255,1) 52%, rgba(115,176,255,1) 76%, rgba(112,134,209,1) 100%); background: linear-gradient(104deg, rgba(245,250,227,1) 0%, rgba(217,255,255,1) 22%, rgba(132,247,255,1) 52%, rgba(115,176,255,1) 76%, rgba(112,134,209,1) 100%); filter: progid:DXImageTransform.Microsoft.gradient( startColorstr='#f5fae3', endColorstr='#7086d1',GradientType=1 );}\n.title h2 {font-size: 24px; line-height: 35px; padding:13px 20px; margin:0px 0px 20px 0px; font-weight:bold; letter-spacing:3px; position: relative; z-index:3;}\n@media (max-width: 500px) {h2 {padding: 13px 5px; font-size: 20px;}}\n<\/style>\n<article><img loading=\"lazy\" decoding=\"async\" class=\"aligncenter wp-image-204 size-full\" style=\"margin-top: 50px; margin-bottom:35px;\" src=\"http:\/\/proart.pro\/img\/rozne\/kolory.jpg\" alt=\"wzornik kolor\u00f3w\" width=\"1100\" height=\"300\"\/><\/p>\n<p style=\"text-align: center;\">Wzornik kolor\u00f3w<\/p>\n<article>\n<div class=\"box\">\n<header>\n<div class=\"title\">\n<div class=\"title-color\"><\/div>\n<h2><strong><span style=\"color:#a6faff;\">M<\/span><span style=\"color:#9bf9ff;\">A<\/span><span style=\"color:#94f8ff;\">T<\/span><span style=\"color:#8df7ff;\">E<\/span><span style=\"color:#83f3ff;\">R<\/span><span style=\"color:#81ecff;\">I<\/span><span style=\"color:#7bdcf8;\">A<\/span><span style=\"color:#7ddcff;\">\u0141<\/span><\/strong><\/h2>\n<\/div>\n<\/header>\n<p><strong>Blacha ocynkowana<\/strong> jest odporna na rdzewienie i warunki atmosferyczne. Metalowa tabliczka w przeciwie\u0144stwie do tabliczki z PCV nie wygina si\u0119 od promieni s\u0142onecznych. R\u00f3wno przylega do pod\u0142o\u017ca, a w oczy nie rzuca si\u0119 bia\u0142y materia\u0142, jak w przypadku grubych tabliczek PCV. Wygl\u0105da estetyczniej na \u015bcianie i gwarantuje jako\u015b\u0107 i trwa\u0142o\u015b\u0107.<\/p>\n<p><strong>Folia ploterowa<\/strong> jest odporna na s\u0142o\u0144ce, deszcz, mr\u00f3z, rozpuszczalniki. Tabliczka wyklejona foli\u0105 nie wyblaknie jak wydrukowana, poniewa\u017c folia posiada sw\u00f3j w\u0142asny kolor, a nie na\u0142o\u017cony w procesie wydruku. Folia do zastosowa\u0144 w bran\u017cy reklamowej, produkcji niemieckiej.<\/p>\n<\/div>\n<\/article>\n<article>\n<div class=\"box\">\n<header>\n<div class=\"title\">\n<div class=\"title-color\"><\/div>\n<h2><strong><span style=\"color:#cbfdff;\">Z<\/span><span style=\"color:#befcff;\">A<\/span><span style=\"color:#b6fbff;\">L<\/span><span style=\"color:#aaf5f9;\">E<\/span><span style=\"color:#a3faff;\">T<\/span><span style=\"color:#98f8ff;\">Y<\/span><\/header>\n<p>\u2022 indywidualna tabliczka<br \/>\n\u2022 mo\u017cliwo\u015b\u0107 dopasowania wzor\u00f3w i kolor\u00f3w<br \/>\n\u2022 fajny gad\u017cet<br \/>\n\u2022 oznaczenie swojej strefy<br \/>\n\u2022 mo\u017cliwo\u015b\u0107 monta\u017cu na drzwiach lub \u015bcianie<br \/>\n\u2022 towar od polskiego producenta<br \/>\n\u2022 precyzja wykonania<br \/>\n\u2022 tabliczka odporna na warunki atmosferyczne<br \/>\n\u2022 wysoka jako\u015b\u0107 materia\u0142\u00f3w.<\/p>\n<\/div>\n<\/article>\n<div style=\"clear:both;\"><\/div>\n<article>\n<div class=\"box\">\n<header>\n<div class=\"title\">\n<div class=\"title-color\"><\/div>\n<h2><strong><span style=\"color:#a3faff;\">G<\/span><span style=\"color:#97f8ff;\">R<\/span><span style=\"color:#89f7ff;\">A<\/span><span style=\"color:#83f5ff;\">T<\/span><span style=\"color:#81edff;\">I<\/span><span style=\"color:#7fe4ff;\">S<\/span><\/strong><\/h2>\n<\/div>\n<\/header>\n<p>Wkr\u0119ty.<br \/>\nWywiercone otwory.<br \/>\nProjekt na \u017cyczenie.\n<\/p>\n<\/div>\n<\/article>\n<article>\n<div class=\"box\">\n<header>\n<div class=\"title\">\n<div class=\"title-color\"><\/div>\n<h2><strong><span style=\"color:#c7fdff;\">C<\/span><span style=\"color:#bbfcff;\">Z<\/span><span style=\"color:#b3fbff;\">A<\/span><span style=\"color:#a8faff;\">S <\/span><span style=\"color:#9cf9ff;\">R<\/span><span style=\"color:#92f8ff;\">E<\/span><span style=\"color:#88f7ff;\">A<\/span><span style=\"color:#83f2ff;\">L<\/span><span style=\"color:#81eaff;\">I<\/span><span style=\"color:#7ee0fe;\">Z<\/span><span style=\"color:#7cd8ff;\">A<\/span><span style=\"color:#7acfff;\">C<\/span><span style=\"color:#77c4ff;\">J<\/span><span style=\"color:#76beff;\">I<\/span><\/strong><\/h2>\n<\/div>\n<\/header>\n<p>Zazwyczaj od 5 do 7 dni dla tabliczek, lamp oraz od 2 do 3 dni dla naklejek. Towar wykonany cz\u0119\u015bciowo r\u0119cznie. Ka\u017cdy produkt jest tworzony indywidualnie dla ka\u017cdego klienta. Czas realizacji jest zale\u017cny od ilo\u015bci zam\u00f3wie\u0144 w danym dniu. Zazwyczaj jest kolejka, klienci zamawiaj\u0105 po kilka sztuk, a og\u00f3lny czas realizacji si\u0119 wyd\u0142u\u017ca.<\/p>\n<p>Po zakupie klient otrzymuje informacj\u0119 o przybli\u017conym czasie realizacji, a w dniu wysy\u0142ki powiadomienie o wys\u0142aniu towaru.<\/p>\n<\/div>\n<\/article>\n<div style=\"clear:both;\"><\/div>\n<article>\n<div class=\"box\">\n<header>\n<div class=\"title\">\n<div class=\"title-color\"><\/div>\n<h2><strong><span style=\"color:#81ecff;\">T<\/span><span style=\"color:#7fe2ff;\">R<\/span><span style=\"color:#7cd8ff;\">E<\/span><span style=\"color:#7acdff;\">\u015a<\/span><span style=\"color:#78c6ff;\">\u0106<\/span><\/strong><\/h2>\n<\/div>\n<\/header>\n<p>Mo\u017cemy dla Pa\u0144stwa wykona\u0107 dowoln\u0105 tre\u015b\u0107.<\/p>\n<\/div>\n<\/article>\n<\/article>\n","protected":false},"excerpt":{"rendered":"<p>Nie chcesz aby Ci przeszkadzano gdy grasz? Masz swoj\u0105 stref\u0119 komfortu i nie chcesz \u017ceby kto\u015b do niej wchodzi\u0142? Wykonamy dla Ciebie indywidualn\u0105 tabliczk\u0119 z twoim tekstem i kolorami jakie sobie wybierzesz.<br \/>\nTabliczk\u0119 mo\u017cesz przykr\u0119ci\u0107 (wkr\u0119ty gratis) lub przyklei\u0107 (ta\u015bma dwustronna, klej monta\u017cowy niedost\u0119pny).<\/p>\n<p>Metalowa tabliczka STREFA GRACZA.<br \/>\n\u2022 Otwory gratis.<br \/>\n\u2022 Dowolna tre\u015b\u0107.<br \/>\n\u2022 Dowolny rozmiar (do wyceny).<\/p>\n","protected":false},"featured_media":3662,"comment_status":"open","ping_status":"closed","template":"","meta":[],"product_brand":[],"product_cat":[125],"product_tag":[1148,1150,1144,1146,126,128],"class_list":{"0":"post-3667","1":"product","2":"type-product","3":"status-publish","4":"has-post-thumbnail","6":"product_cat-tabliczki-informacyjne","7":"product_tag-game-zone","8":"product_tag-gamingowa-tabliczka","9":"product_tag-metalowa-tablicza","10":"product_tag-strefa-gracza","11":"product_tag-tabliczka-informacyjna","12":"product_tag-tabliczki-informacyjne","13":"product_shipping_class-wysylka-30x25","14":"pa_wymiar-20x17-cm","15":"pa_wymiar-25x20-cm","16":"pa_wymiar-30x20-cm","17":"pa_wymiar-30x25-cm","18":"pa_wymiar-50x15-cm","20":"first","21":"instock","22":"shipping-taxable","23":"purchasable","24":"product-type-variable"},"_links":{"self":[{"href":"https:\/\/proart.pro\/shop\/wp-json\/wp\/v2\/product\/3667","targetHints":{"allow":["GET"]}}],"collection":[{"href":"https:\/\/proart.pro\/shop\/wp-json\/wp\/v2\/product"}],"about":[{"href":"https:\/\/proart.pro\/shop\/wp-json\/wp\/v2\/types\/product"}],"replies":[{"embeddable":true,"href":"https:\/\/proart.pro\/shop\/wp-json\/wp\/v2\/comments?post=3667"}],"wp:featuredmedia":[{"embeddable":true,"href":"https:\/\/proart.pro\/shop\/wp-json\/wp\/v2\/media\/3662"}],"wp:attachment":[{"href":"https:\/\/proart.pro\/shop\/wp-json\/wp\/v2\/media?parent=3667"}],"wp:term":[{"taxonomy":"product_brand","embeddable":true,"href":"https:\/\/proart.pro\/shop\/wp-json\/wp\/v2\/product_brand?post=3667"},{"taxonomy":"product_cat","embeddable":true,"href":"https:\/\/proart.pro\/shop\/wp-json\/wp\/v2\/product_cat?post=3667"},{"taxonomy":"product_tag","embeddable":true,"href":"https:\/\/proart.pro\/shop\/wp-json\/wp\/v2\/product_tag?post=3667"}],"curies":[{"name":"wp","href":"https:\/\/api.w.org\/{rel}","templated":true}]}}