{"id":3764,"date":"2023-10-04T20:41:37","date_gmt":"2023-10-04T18:41:37","guid":{"rendered":"https:\/\/proart.pro\/shop\/?post_type=product&#038;p=3764"},"modified":"2023-10-29T17:03:17","modified_gmt":"2023-10-29T16:03:17","slug":"smieszna-tabliczka-uwaga-pies","status":"publish","type":"product","link":"https:\/\/proart.pro\/shop\/smieszna-tabliczka-uwaga-pies\/","title":{"rendered":"\u015amieszna tabliczka Uwaga pies"},"content":{"rendered":"<article>\n<div class=\"box box-top\">\n<header>\n<h2 class=\"title2\"><strong>\u015aMIESZNA TABLICZKA UWAGA PIES<\/strong><\/h2>\n<\/header>\n<p>TEGO S\u0104SIAD NIE MA \ud83d\ude09 Indywidualnie zaprojektowana tabliczka ze \u015bmieszn\u0105 tre\u015bci\u0105. Istnieje mo\u017cliwo\u015b\u0107 zmiany wizerunku psa oraz tre\u015bci tabliczki. Ten niepowtarzalny wyr\u00f3b ozdobi Twoj\u0105 posesj\u0119. Proponujemy odporn\u0105 na warunki atmosferyczne tabliczk\u0119, dla ka\u017cdego, kto chce w \u0142atwy i szybki spos\u00f3b oznaczy\u0107 nieruchomo\u015b\u0107. Metalowa, \u015bmieszna tabliczka uwaga pies jest dost\u0119pna w r\u00f3\u017cnych kolorach. Tre\u015b\u0107 i rozmiar mo\u017ce by\u0107 dopasowany wed\u0142ug wytycznych klienta.<\/p>\n<\/div>\n<\/article>\n<div data-post-id=\"677\" class=\"insert-page insert-page-677 \"><style>\np:empty {display:none;}\n.box-top {margin-top: 4vh;}\n.box { float:left; width:100%; padding:0px 0px 10px 0px;}\n@media (min-width: 768px) {.box {width:50%; padding: 0px 8px 10px 8px;}}\n@media (min-width: 1200px) {.box {width:50%;padding: 0px 20px 10px 20px;}}\n.box > p { margin-bottom:17px; text-align:justify;}\n.box h2 {font-size: 24px; text-align:center; line-height: 35px; padding:13px 20px; margin:0px 0px 20px 0px; font-weight:bold; letter-spacing:3px; position: relative; z-index:3;}\n@media (max-width: 500px) {.box h2 {padding: 13px 5px; font-size: 20px;}}\n.title { position:relative; color:white; height:60px; width:100%; margin-bottom:20px;}\n.title {background:#FFFFFF; background: -moz-linear-gradient(346deg, rgba(245,250,227,1) 0%, rgba(217,255,255,1) 22%, rgba(132,247,255,1) 52%, rgba(115,176,255,1) 76%, rgba(112,134,209,1) 100%); background: -webkit-gradient(linear, left top, right top, color-stop(0%, rgba(245,250,227,1)), color-stop(22%, rgba(217,255,255,1)), color-stop(52%, rgba(132,247,255,1)), color-stop(76%, rgba(115,176,255,1)), color-stop(100%, rgba(112,134,209,1))); background: -webkit-linear-gradient(346deg, rgba(245,250,227,1) 0%, rgba(217,255,255,1) 22%, rgba(132,247,255,1) 52%, rgba(115,176,255,1) 76%, rgba(112,134,209,1) 100%); background: -o-linear-gradient(346deg, rgba(245,250,227,1) 0%, rgba(217,255,255,1) 22%, rgba(132,247,255,1) 52%, rgba(115,176,255,1) 76%, rgba(112,134,209,1) 100%); background: -ms-linear-gradient(346deg, rgba(245,250,227,1) 0%, rgba(217,255,255,1) 22%, rgba(132,247,255,1) 52%, rgba(115,176,255,1) 76%, rgba(112,134,209,1) 100%); background: linear-gradient(104deg, rgba(245,250,227,1) 0%, rgba(217,255,255,1) 22%, rgba(132,247,255,1) 52%, rgba(115,176,255,1) 76%, rgba(112,134,209,1) 100%); filter: progid:DXImageTransform.Microsoft.gradient( startColorstr='#f5fae3', endColorstr='#7086d1',GradientType=1 );}\n.title-color {position: absolute; top:5px; bottom:5px; left:5px; right:5px; height: auto; width:auto; background-color:#000000;}\n.flo-l {float: left;}\n.flo-r {float: right;}\n.title2 {background-color: #FFFFFF; background-image: linear-gradient(104deg, rgba(245,250,227,1) 0%, rgba(217,255,255,1) 22%, rgba(132,247,255,1) 52%, rgba(115,176,255,1) 76%, rgba(112,134,209,1) 100%); background-size: 100%; background-repeat: repeat;\n -webkit-background-clip: text; -moz-background-clip: text; -webkit-text-fill-color: transparent; -moz-text-fill-color: transparent;}\n<\/style>\n<div class=\"box-top\">\n<article>\n<div class=\"box\">\n<header>\n<div class=\"title\">\n<div class=\"title-color\"><\/div>\n<h2><b><span style=\"color:#a3faff;\">Z<\/span><span style=\"color:#97f8ff;\">A<\/span><span style=\"color:#89f7ff;\">L<\/span><span style=\"color:#83f5ff;\">E<\/span><span style=\"color:#81edff;\">T<\/span><span style=\"color:#7fe4ff;\">Y<\/span><\/b><\/h2>\n<\/div>\n<\/header>\n<p>\u2022 Mo\u017cliwo\u015b\u0107 personalizacji.<br \/>\n\u2022 Towary wyprodukowany w Polsce<br \/>\n\u2022 Metalowa tabliczka odporna na warunki atmosferyczne.<br \/>\n\u2022 Wysoka jako\u015b\u0107 materia\u0142\u00f3w polskich i niemieckich producent\u00f3w.<br \/>\n\u2022 Elegancki wygl\u0105d.<br \/>\n\u2022 Precyzja wykonania.<\/p>\n<\/div>\n<\/article>\n<div style=\"clear:both;\"><\/div>\n<article>\n<div class=\"box\">\n<header>\n<div class=\"title\">\n<div class=\"title-color\"><\/div>\n<h2><b><span style=\"color:#a3faff;\">G<\/span><span style=\"color:#97f8ff;\">R<\/span><span style=\"color:#89f7ff;\">A<\/span><span style=\"color:#83f5ff;\">T<\/span><span style=\"color:#81edff;\">I<\/span><span style=\"color:#7fe4ff;\">S<\/span><\/b><\/h2>\n<\/div>\n<\/header>\n<p>\u2022 Otwory monta\u017cowe.<br \/>\n\u2022 Projekt na \u017cyczenie.<br \/>\n\u2022 Porada w razie w\u0105tpliwo\u015bci.<\/p>\n<\/div>\n<\/article>\n<article>\n<div class=\"box\">\n<header>\n<div class=\"title\">\n<div class=\"title-color\"><\/div>\n<h2><b><span style=\"color:#c7fdff;\">J<\/span><span style=\"color:#bbfcff;\">A<\/span><span style=\"color:#b3fbff;\">K <\/span><span style=\"color:#a8faff;\">Z<\/span><span style=\"color:#9cf9ff;\">A<\/span><span style=\"color:#92f8ff;\">M<\/span><span style=\"color:#88f7ff;\">\u00d3<\/span><span style=\"color:#83f2ff;\">W<\/span><span style=\"color:#81eaff;\">I<\/span><span style=\"color:#7ee0fe;\">\u0106<\/span><\/b><\/h2>\n<\/div>\n<\/header>\n<p>Wybra\u0107 niezb\u0119dne opcje. Doda\u0107 produkt do koszyka. Dodatkowe informacje, mo\u017cna poda\u0107 na stronie z adresem dostawy, pole &#8220;Uwagi do zam\u00f3wienia&#8221;.<\/p>\n<p>Mo\u017cemy wykona\u0107 dowoln\u0105 tre\u015b\u0107.<\/p>\n<p><b>Zam\u00f3w teraz i ciesz si\u0119 stylowym i trwa\u0142ym oznaczeniem swojego domu!<\/b><\/p>\n<\/div>\n<\/article>\n<div style=\"clear:both;\"><\/div>\n<article>\n<div class=\"box\">\n<header>\n<div class=\"title\">\n<div class=\"title-color\"><\/div>\n<h2><b><span style=\"color:#a6faff;\">M<\/span><span style=\"color:#9bf9ff;\">A<\/span><span style=\"color:#94f8ff;\">T<\/span><span style=\"color:#8df7ff;\">E<\/span><span style=\"color:#83f3ff;\">R<\/span><span style=\"color:#81ecff;\">I<\/span><span style=\"color:#7bdcf8;\">A<\/span><span style=\"color:#7ddcff;\">\u0141<\/span><\/b><\/h2>\n<\/div>\n<\/header>\n<p><b>Blacha ocynkowana<\/b> jest odporna na rdzewienie i warunki atmosferyczne. Metalowa tabliczka w przeciwie\u0144stwie do tabliczki z PCV nie wygina si\u0119 od promieni s\u0142onecznych. R\u00f3wno przylega do pod\u0142o\u017ca, a w oczy nie rzuca si\u0119 bia\u0142y materia\u0142, jak w przypadku grubych tabliczek PCV. Wygl\u0105da estetyczniej na \u015bcianie i gwarantuje jako\u015b\u0107 i trwa\u0142o\u015b\u0107.<\/p>\n<p><b>Folia ploterowa.<\/b> Wysokiej jako\u015bci, profesjonalna folia ploterowa, jest odporna na s\u0142o\u0144ce, deszcz, mr\u00f3z, rozpuszczalniki. Tabliczka wyklejona foli\u0105 nie wyblaknie jak wydrukowana, poniewa\u017c folia posiada sw\u00f3j w\u0142asny kolor, a nie na\u0142o\u017cony w procesie wydruku. Folia produkcji niemieckiej do zastosowa\u0144 w bran\u017cy reklamowej.<\/p>\n<\/div>\n<\/article>\n<article>\n<div class=\"box\">\n<header>\n<div class=\"title\">\n<div class=\"title-color\"><\/div>\n<h2><b><span style=\"color:#c7fdff;\">C<\/span><span style=\"color:#bbfcff;\">Z<\/span><span style=\"color:#b3fbff;\">A<\/span><span style=\"color:#a8faff;\">S <\/span><span style=\"color:#9cf9ff;\">R<\/span><span style=\"color:#92f8ff;\">E<\/span><span style=\"color:#88f7ff;\">A<\/span><span style=\"color:#83f2ff;\">L<\/span><span style=\"color:#81eaff;\">I<\/span><span style=\"color:#7ee0fe;\">Z<\/span><span style=\"color:#7cd8ff;\">A<\/span><span style=\"color:#7acfff;\">C<\/span><span style=\"color:#77c4ff;\">J<\/span><span style=\"color:#76beff;\">I<\/span><\/b><\/h2>\n<\/div>\n<\/header>\n<p>Zazwyczaj od 3 do 7 dni dla tabliczek, lamp oraz od 2 do 3 dni dla naklejek. Towar wykonany cz\u0119\u015bciowo r\u0119cznie. Ka\u017cdy produkt jest tworzony indywidualnie dla ka\u017cdego klienta.<\/p>\n<p>Po zakupie klient otrzymuje informacj\u0119 o przybli\u017conym czasie realizacji, a w dniu wysy\u0142ki powiadomienie o wys\u0142aniu towaru.<\/p>\n<\/div>\n<\/article>\n<div style=\"clear:both;\"><\/div>\n<p><img loading=\"lazy\" decoding=\"async\" class=\"aligncenter wp-image-204 size-full\" style=\"margin-top: 50px; margin-bottom:35px;\" src=\"https:\/\/proart.pro\/img\/rozne\/kolory.jpg\" alt=\"wzornik kolor\u00f3w\" width=\"1100\" height=\"300\"\/><\/p>\n<p style=\"text-align: center;\">Wzornik kolor\u00f3w<\/p>\n<\/div>\n<\/div>\n","protected":false},"excerpt":{"rendered":"<p>\u015amieszna, metalowa tabliczka ostrzegawcza &#8220;uwaga wiksowy pies&#8221;.<\/p>\n<p>\u2022 GRATIS otwory.<br \/>\n\u2022 Dowolna tre\u015b\u0107.<br \/>\n\u2022 R\u00f3\u017cne kolory.<\/p>\n","protected":false},"featured_media":3786,"comment_status":"open","ping_status":"closed","template":"","meta":[],"product_brand":[],"product_cat":[149,125],"product_tag":[350,342,346,352,150],"class_list":{"0":"post-3764","1":"product","2":"type-product","3":"status-publish","4":"has-post-thumbnail","6":"product_cat-uwaga-pies","7":"product_cat-tabliczki-informacyjne","8":"product_tag-indywidualna-tabliczka","9":"product_tag-indywidualny-projekt","10":"product_tag-niepowtarzalna-tabliczka","11":"product_tag-spersonalizowana-tabliczka","12":"product_tag-uwaga-pies","13":"pa_wymiar-20x17-cm","14":"pa_wymiar-25x20-cm","15":"pa_wymiar-30x25-cm","17":"first","18":"instock","19":"shipping-taxable","20":"purchasable","21":"product-type-variable"},"_links":{"self":[{"href":"https:\/\/proart.pro\/shop\/wp-json\/wp\/v2\/product\/3764","targetHints":{"allow":["GET"]}}],"collection":[{"href":"https:\/\/proart.pro\/shop\/wp-json\/wp\/v2\/product"}],"about":[{"href":"https:\/\/proart.pro\/shop\/wp-json\/wp\/v2\/types\/product"}],"replies":[{"embeddable":true,"href":"https:\/\/proart.pro\/shop\/wp-json\/wp\/v2\/comments?post=3764"}],"wp:featuredmedia":[{"embeddable":true,"href":"https:\/\/proart.pro\/shop\/wp-json\/wp\/v2\/media\/3786"}],"wp:attachment":[{"href":"https:\/\/proart.pro\/shop\/wp-json\/wp\/v2\/media?parent=3764"}],"wp:term":[{"taxonomy":"product_brand","embeddable":true,"href":"https:\/\/proart.pro\/shop\/wp-json\/wp\/v2\/product_brand?post=3764"},{"taxonomy":"product_cat","embeddable":true,"href":"https:\/\/proart.pro\/shop\/wp-json\/wp\/v2\/product_cat?post=3764"},{"taxonomy":"product_tag","embeddable":true,"href":"https:\/\/proart.pro\/shop\/wp-json\/wp\/v2\/product_tag?post=3764"}],"curies":[{"name":"wp","href":"https:\/\/api.w.org\/{rel}","templated":true}]}}