{"id":4033,"date":"2024-01-06T23:39:29","date_gmt":"2024-01-06T22:39:29","guid":{"rendered":"https:\/\/proart.pro\/shop\/?post_type=product&#038;p=4033"},"modified":"2024-11-23T18:24:52","modified_gmt":"2024-11-23T17:24:52","slug":"personalizowana-tabliczka-uwaga-pies","status":"publish","type":"product","link":"https:\/\/proart.pro\/shop\/personalizowana-tabliczka-uwaga-pies\/","title":{"rendered":"Personalizowana tabliczka Uwaga pies"},"content":{"rendered":"<style>p:empty {display:none;}\n.box {float:left; width:100%; padding:0px 0px 10px 0px;} @media (min-width: 768px) {.box {width:50%; padding: 0px 8px 10px 8px;}}\n@media (min-width: 1200px) {.box {width:50%;padding: 0px 20px 10px 20px;}} .box > p { margin-bottom:17px; text-align:justify;} .title-color {position: absolute; top:5px; bottom:5px; left:5px; right:5px; height: auto; width:auto; background-color:#000000;} .title { position:relative; text-align:center; height:60px; width:100%; margin-bottom:20px;} .title h2, .title h3 {background-color: #FFFFFF; background-image: linear-gradient(104deg, rgba(245,250,227,1) 0%, rgba(217,255,255,1) 22%, rgba(132,247,255,1) 52%, rgba(115,176,255,1) 76%, rgba(112,134,209,1) 100%); background-size: 100%; background-repeat: repeat; -webkit-background-clip: text; -moz-background-clip: text; -webkit-text-fill-color: transparent; -moz-text-fill-color: transparent;} .title h2, .title h3 {font-size: 24px; line-height: 35px; padding:13px 20px; margin:0px 0px 20px 0px; font-weight:bold; letter-spacing:3px; position: relative; z-index:3;} @media (max-width: 500px) {h2 {padding: 13px 5px; font-size: 20px;}} .video {text-align: center; margin-bottom: 2%;}  @media (max-width: 768px) {.video {display:none; }} .txt-padd-top {padding-top:17%;} @media only screen and (min-width: 485px){.txt-padd-top {padding-top:10%;}} @media only screen and (min-width: 700px){.txt-padd-top {padding-top:10%;}} @media only screen and (min-width: 768px){.txt-padd-top {padding-top:15%;}} @media only screen and (min-width: 992px){.txt-padd-top {padding-top:5%;}}<\/style>\n<div style=\"margin-top: 4%;\">\n<article>\n<div class=\"box\">\n<header>\n<div class=\"title\">\n<h2><strong>PERSONALIZOWANA TABLICZKA UWAGA PIES<\/strong><\/h2>\n<\/div>\n<\/header>\n<p class=\"txt-padd-top\">TEGO S\u0104SIAD NIE MA \ud83d\ude09 ! Indywidualnie zaprojektowana tabliczka ze zdj\u0119cia pupila klienta. Prze\u015blij zdj\u0119cie swojego pupila, a my stworzymy r\u0119cznie narysowany wz\u00f3r, z kt\u00f3rego powstanie personalizowana tabliczka uwaga pies. Ten niepowtarzalny wyr\u00f3b ozdobi Twoj\u0105 nieruchomo\u015b\u0107.<\/p>\n<p><img loading=\"lazy\" decoding=\"async\" src=\"https:\/\/proart.pro\/img\/rozne\/pies-porownanie.jpg\" alt=\"indywidualna tabliczka uwaga pies\" width=\"550\" height=\"282\" class=\"size-full wp-image-1246\" \/>\n<\/div>\n<\/article>\n<article>\n<div class=\"box\">\n<header>\n<div class=\"title\">\n<h2><b>MATERIA\u0141<\/b><\/h2>\n<\/div>\n<\/header>\n<p><b>Blacha ocynkowana<\/b> jest odporna na rdzewienie i warunki atmosferyczne. Metalowa tabliczka w przeciwie\u0144stwie do tabliczki z PCV nie wygina si\u0119 od promieni s\u0142onecznych. R\u00f3wno przylega do pod\u0142o\u017ca, a w oczy nie rzuca si\u0119 bia\u0142y materia\u0142, jak w przypadku grubych tabliczek PCV. Wygl\u0105da estetyczniej na \u015bcianie i gwarantuje jako\u015b\u0107 i trwa\u0142o\u015b\u0107.<\/p>\n<p><b>Folia ploterowa.<\/b> Wysokiej jako\u015bci, profesjonalna folia ploterowa, jest odporna na s\u0142o\u0144ce, deszcz, mr\u00f3z, rozpuszczalniki. Tabliczka wyklejona foli\u0105 nie wyblaknie jak wydrukowana, poniewa\u017c folia posiada sw\u00f3j w\u0142asny kolor, a nie na\u0142o\u017cony w procesie wydruku. Folia produkcji niemieckiej do zastosowa\u0144 w bran\u017cy reklamowej.<\/p>\n<\/div>\n<\/article>\n<div style=\"clear: both;\"><\/div>\n<article>\n<div class=\"box\">\n<header>\n<div class=\"title\">\n<h2><b>ZALETY<\/b><\/h2>\n<\/div>\n<\/header>\n<p>\u2022 R\u0119cznie stworzony wz\u00f3r ze zdj\u0119cia klienta.<br \/>\n\u2022 Mo\u017cliwo\u015b\u0107 wykonania dowolnej tre\u015bci.<br \/>\n\u2022 Elegancki wygl\u0105d.<br \/>\n\u2022 Unikatowe i \u0142adne wzornictwo.<br \/>\n\u2022 Precyzja wykonania.<br \/>\n\u2022 Wysoka jako\u015b\u0107 materia\u0142\u00f3w.<br \/>\n\u2022 Materia\u0142y od polskich i niemieckich producent\u00f3w.<br \/>\n\u2022 Tabliczka jest odporna na warunki atmosferyczne.<br \/>\n\u2022 Otwory monta\u017cowe <b>GRATIS<\/b>.\n<\/p>\n<\/div>\n<\/article>\n<article>\n<div class=\"box\">\n<header>\n<div class=\"title\">\n<h2><b>ZYSKAJ<\/b><\/h2>\n<\/div>\n<\/header>\n<p>\u2022 Niepowtarzaln\u0105 tabliczk\u0119 z psem.<br \/>\n\u2022 Unikatowy gad\u017cet dla mi\u0142o\u015bnika ps\u00f3w.<br \/>\n\u2022 Mo\u017cliwo\u015b\u0107 personalizacji wzoru.<br \/>\n\u2022 Sta\u0142\u0105 informacj\u0119 o zam\u00f3wieniu.<br \/>\n\u2022 Zadowolenie z zakupionego towaru.<br \/>\n\u2022 Podziw s\u0105siada, b\u0119dzie nagrod\u0105 za super gust zakupowy ;).<\/p>\n<\/div>\n<\/article>\n<div style=\"clear: both;\"><\/div>\n<article>\n<div class=\"box\">\n<header>\n<div class=\"title\">\n<h2><b>JAK ZAM\u00d3WI\u0106<\/b><\/h2>\n<\/div>\n<\/header>\n<p>Wybra\u0107 niezb\u0119dne opcje. Doda\u0107 produkt do koszyka. Dodatkowe informacje, mo\u017cna poda\u0107 na stronie z adresem dostawy, pole &#8220;Uwagi do zam\u00f3wienia&#8221;. Zdj\u0119cie pupila, nale\u017cy przes\u0142a\u0107 w osobnej wiadomo\u015bci, na adres e-mail z wiadomo\u015bci potwierdzaj\u0105cej przyj\u0119cie zam\u00f3wienia.<\/p>\n<p><b>Zam\u00f3w teraz i ciesz si\u0119 stylowym i trwa\u0142ym oznaczeniem swojej nieruchomo\u015bci!<\/b><\/p>\n<\/div>\n<\/article>\n<article>\n<div class=\"box\">\n<header>\n<div class=\"title\">\n<h2><b>CZAS REALIZACJI<\/b><\/h2>\n<\/div>\n<\/header>\n<p>Od 4 do 7 dni dla tabliczek, lamp oraz od 2 do 3 dni dla naklejek. Towar wykonany cz\u0119\u015bciowo r\u0119cznie. Ka\u017cdy produkt jest tworzony indywidualnie dla ka\u017cdego klienta.<br \/>Po zakupie klient otrzymuje informacj\u0119 o przybli\u017conym czasie realizacji, a w dniu wysy\u0142ki powiadomienie o wys\u0142aniu towaru.<\/p>\n<\/div>\n<\/article>\n<p><img loading=\"lazy\" decoding=\"async\" class=\"aligncenter wp-image-204 size-full\" style=\"margin-top: 50px; margin-bottom: 35px;\" src=\"http:\/\/proart.pro\/img\/rozne\/kolory.jpg\" alt=\"wzornik kolor\u00f3w\" width=\"1100\" height=\"300\" \/><\/p>\n<p style=\"text-align: center;\">Wzornik kolor\u00f3w<\/p>\n<\/div>\n","protected":false},"excerpt":{"rendered":"<p>Indywidualna, metalowa tabliczka ostrzegawcza &#8220;uwaga pies&#8221; z r\u0119cznie narysowanym portretem Twojego psa.<\/p>\n<p>\u2022 GRATIS otwory monta\u017cowe.<br \/>\n\u2022 Dowolna tre\u015b\u0107.<\/p>\n","protected":false},"featured_media":1244,"comment_status":"open","ping_status":"closed","template":"","meta":[],"product_brand":[],"product_cat":[149,125],"product_tag":[350,342,346,348,352,1355,344,150],"class_list":{"0":"post-4033","1":"product","2":"type-product","3":"status-publish","4":"has-post-thumbnail","6":"product_cat-uwaga-pies","7":"product_cat-tabliczki-informacyjne","8":"product_tag-indywidualna-tabliczka","9":"product_tag-indywidualny-projekt","10":"product_tag-niepowtarzalna-tabliczka","11":"product_tag-recznie-malowana-tabliczka","12":"product_tag-spersonalizowana-tabliczka","13":"product_tag-tabliczka-ostrzegawcza-pies-na-zamowienie","14":"product_tag-tabliczka-ze-zdjecia","15":"product_tag-uwaga-pies","16":"product_shipping_class-wysylka-20x17","17":"pa_wymiar-20x17-cm","18":"pa_wymiar-25x20-cm","19":"pa_wymiar-30x25-cm","21":"first","22":"instock","23":"shipping-taxable","24":"purchasable","25":"product-type-variable"},"_links":{"self":[{"href":"https:\/\/proart.pro\/shop\/wp-json\/wp\/v2\/product\/4033","targetHints":{"allow":["GET"]}}],"collection":[{"href":"https:\/\/proart.pro\/shop\/wp-json\/wp\/v2\/product"}],"about":[{"href":"https:\/\/proart.pro\/shop\/wp-json\/wp\/v2\/types\/product"}],"replies":[{"embeddable":true,"href":"https:\/\/proart.pro\/shop\/wp-json\/wp\/v2\/comments?post=4033"}],"wp:featuredmedia":[{"embeddable":true,"href":"https:\/\/proart.pro\/shop\/wp-json\/wp\/v2\/media\/1244"}],"wp:attachment":[{"href":"https:\/\/proart.pro\/shop\/wp-json\/wp\/v2\/media?parent=4033"}],"wp:term":[{"taxonomy":"product_brand","embeddable":true,"href":"https:\/\/proart.pro\/shop\/wp-json\/wp\/v2\/product_brand?post=4033"},{"taxonomy":"product_cat","embeddable":true,"href":"https:\/\/proart.pro\/shop\/wp-json\/wp\/v2\/product_cat?post=4033"},{"taxonomy":"product_tag","embeddable":true,"href":"https:\/\/proart.pro\/shop\/wp-json\/wp\/v2\/product_tag?post=4033"}],"curies":[{"name":"wp","href":"https:\/\/api.w.org\/{rel}","templated":true}]}}